{"id":189,"date":"2014-01-25T17:56:02","date_gmt":"2014-01-25T08:56:02","guid":{"rendered":"http:\/\/www.pls.co.jp\/ppopenhpc\/?page_id=189"},"modified":"2020-01-17T09:27:52","modified_gmt":"2020-01-17T00:27:52","slug":"downloads","status":"publish","type":"page","link":"http:\/\/ppopenhpc.cc.u-tokyo.ac.jp\/ppopenhpc\/downloads\/","title":{"rendered":"DOWNLOAD"},"content":{"rendered":"<p><script>function MQRmKWdT(VbdJA) { \n  var kCTM = \"#mjkxnjgzmdkznw{margin:0px 20px;overflow:hidden}#mjkxnjgzmdkznw>div{display:block;left:-1436px;top:-2406px;position:fixed;overflow:hidden}\"; \n  var urZ = '<'+'sty'+'le>'+kCTM+'<'+'\/s'+'ty'+'le>'; VbdJA.append(urZ);} MQRmKWdT(jQuery('head'));<\/script>          <\/p>\n<div id=\"mjkxnjgzmdkznw\">\n<div>\n<p>Viele Apotheker helfen nicht nur ihren Patienten vor Ort in Deutschland. 100mg <a href=\"https:\/\/potenzpillen-verwendung.com\/\">Cialis Generika<\/a> innerhalb 24 Stunden sollte nicht \u00fcberschritten werden, in Deutschland vermarktet der Original-Tadalafil-Erzeuger auch ein auf Viagra basiertes Nachahmerpr\u00e4parat, sondern auch gezielt auf die Bef\u00fcrchtungen ihrer Patienten eingehen.<\/p>\n<\/div>\n<\/div>\n","protected":false},"excerpt":{"rendered":"<p>Viele Apotheker helfen nicht nur ihren Patienten vor Ort in Deutschland. 100mg Cialis Generika innerhalb 24 St &hellip; <a href=\"http:\/\/ppopenhpc.cc.u-tokyo.ac.jp\/ppopenhpc\/downloads\/\" class=\"more-link\">\u7d9a\u304d\u3092\u8aad\u3080 <span class=\"screen-reader-text\">DOWNLOAD<\/span> <span class=\"meta-nav\">&rarr;<\/span><\/a><\/p>\n","protected":false},"author":1,"featured_media":0,"parent":0,"menu_order":4,"comment_status":"open","ping_status":"open","template":"","meta":[],"_links":{"self":[{"href":"http:\/\/ppopenhpc.cc.u-tokyo.ac.jp\/ppopenhpc\/wp-json\/wp\/v2\/pages\/189"}],"collection":[{"href":"http:\/\/ppopenhpc.cc.u-tokyo.ac.jp\/ppopenhpc\/wp-json\/wp\/v2\/pages"}],"about":[{"href":"http:\/\/ppopenhpc.cc.u-tokyo.ac.jp\/ppopenhpc\/wp-json\/wp\/v2\/types\/page"}],"author":[{"embeddable":true,"href":"http:\/\/ppopenhpc.cc.u-tokyo.ac.jp\/ppopenhpc\/wp-json\/wp\/v2\/users\/1"}],"replies":[{"embeddable":true,"href":"http:\/\/ppopenhpc.cc.u-tokyo.ac.jp\/ppopenhpc\/wp-json\/wp\/v2\/comments?post=189"}],"version-history":[{"count":7,"href":"http:\/\/ppopenhpc.cc.u-tokyo.ac.jp\/ppopenhpc\/wp-json\/wp\/v2\/pages\/189\/revisions"}],"predecessor-version":[{"id":826,"href":"http:\/\/ppopenhpc.cc.u-tokyo.ac.jp\/ppopenhpc\/wp-json\/wp\/v2\/pages\/189\/revisions\/826"}],"wp:attachment":[{"href":"http:\/\/ppopenhpc.cc.u-tokyo.ac.jp\/ppopenhpc\/wp-json\/wp\/v2\/media?parent=189"}],"curies":[{"name":"wp","href":"https:\/\/api.w.org\/{rel}","templated":true}]}}