{"id":33,"date":"2014-01-05T12:38:57","date_gmt":"2014-01-05T03:38:57","guid":{"rendered":"http:\/\/www.pls.co.jp\/ppopenhpc\/?page_id=33"},"modified":"2020-01-08T10:37:19","modified_gmt":"2020-01-08T01:37:19","slug":"publication","status":"publish","type":"page","link":"http:\/\/ppopenhpc.cc.u-tokyo.ac.jp\/ppopenhpc\/publication\/","title":{"rendered":"PUBLICATION"},"content":{"rendered":"<h2>Research Paper<\/h2>\n<div class=\"rp-cont\">\n<p>Noda, A. T., Nakamura, K., Iwasaki, T., and Satoh, M. (2013) A numerical study of a stratocumulus-topped boundary-layer: relations of decaying clouds with stability parameters across inversion. J. Meteorol. Soc. Japan (in press)<\/p>\n<\/div>\n<div class=\"rp-cont\">\n<p>Takahiro Katagiri, Satoshi Ito, Satoshi Ohshima, Early Experiences for Adaptation of Auto-tuning by ppOpen-AT to an Explicit Method, Proceedings of 2012 IEEE 7th International Symposium on Embedded Multicore SoCs (MCSoC2013), Special Session: Auto-Tuning for Multicore and GPU (ATMG), 2013 (in press)<\/p>\n<\/div>\n<div class=\"rp-cont\">\n<p>Takahiro Katagiri, Cheng Luo, Reiji Suda, Shoichi Hirasawa, Satoshi Ohshima, Energy Optimization for Scientific Programs Using Auto-tuning Language ppOpen-AT, Proceedings of 2012 IEEE 7th International Symposium on Embedded Multicore SoCs (MCSoC2013), Special Session: Auto-Tuning for Multicore and GPU (ATMG), 2013 (in press)<\/p>\n<\/div>\n<div class=\"rp-cont\">\n<p>Kinter III, J. L., B. Cash, D. Achuthavarier, J. Adams, E. Altshuler, P. Dirmeyer, B. Doty, B. Huang, L. Marx, J. Manganello, C. Stan, T. Wakefield, E. Jin, T. Palmer, M. Hamrud, T. Jung, M. Miller, P. Towers, N. Wedi, M. Satoh, H. Tomita, C. Kodama, T. Nasuno, K. Oouchi, Y. Yamada, H. Taniguchi, P. Andrews, T. Baer, M. Ezell, C. Halloy, D. John, B. Loftis, R. Mohr, and K. Wong (2013)\u3000Revolutionizing Climate Modeling \u2013 Project Athena: A Multi-Institutional, International Collaboration.\u3000Bull. Am. Meteorol. Soc., 94, 231-245.<\/p>\n<\/div>\n<div class=\"rp-cont\">\n<p>Yamaura, T., Kajikawa, Y., Tomita, H., Satoh, M. (2013) Possible impact of a tropical cyclone on the northward migration of the baiu frontal zone. SOLA, 9, 89-93, http:\/\/dx.doi.org\/10.2151\/sola.2013-020.<\/p>\n<\/div>\n<div class=\"rp-cont\">\n<p>Ham, S.-H., Sohn, B.-J., Kato, S., Satoh, M. (2013) Vertical inhomogeneity of ice cloud layers from CloudSaT? and CALIPSO measurements and comparison to nicam simulations. J. Geophys. Res., accepted. doi:10.1002\/jgrd.50582.<\/p>\n<\/div>\n<div class=\"rp-cont\">\n<p>Hashino, T., Satoh, M., Hagihara, Y., Kubota, T., Matsui, T., Nasuno, T., Okamoto, H. (2013) Evaluating cloud microphysics from the NICAM against CloudSat and CALIPSO. J. Geophys. Res., 118, 7273-7292. doi:10.1002\/jgrd.50564.<\/p>\n<\/div>\n<div class=\"rp-cont\">\n<p>Satoh, M., Nihonmatsu, R., and Kubokawa, H. (2013) Environmental conditions for tropical cyclogenesis associated with African easterly waves. SOLA, 9, 120-124, doi:10.2151\/sola.2013-027.<\/p>\n<\/div>\n<div class=\"rp-cont\">\n<p>Satoh, M., and Kitao, Y. (2013) Numerical examination of the diurnal variation of summer precipitation over southern China. SOLA, 9, 129-133, doi:10.2151\/sola.2013-029.<\/p>\n<\/div>\n<div class=\"rp-cont\">\n<p>Yamada, Y. and Satoh, M. (2013) Response of ice and liquid water paths of tropical cyclones to global warming simulated by a global nonhydrostatic model with explicit cloud microphysics. J. Climate, accepted. http:\/\/dx.doi.org\/10.1175\/JCLI-D-13-00182.1.<\/p>\n<\/div>\n<div class=\"rp-cont\">\n<p>Nakajima, K., Large-scale Simulations of 3D Groundwater Flow using Parallel Geometric Multigrid Method, Procedia Computer Science 18, 1265-1274, Proceedings of IHPCES 2013 (Third International Workshop on Advances in High-Performance Computational Earth Sciences: Applications and Frameworks) in conjunction with ICCS 2013, 2013<\/p>\n<\/div>\n<div class=\"rp-cont\">\n<p>Maeda, T., and T. Furumura, FDM simulation of seismic waves, ocean acoustic waves, and tsunamis based on tsunami-coupled equations of motion, Pure Appl. Geophys., 170(1-2), 109-127, doi:10.1007\/s00024-011-0430-z, 2013<\/p>\n<\/div>\n<div class=\"rp-cont\">\n<p>Noguchi, S., T. Maeda, and T. Furumura, FDM simulation of an anomalous later phase from the Japan Trench subduction zone earthquakes, Pure Appl. Geophys., 170(1-2), 95-108, doi:10.1007\/s00024-011-0412-1, 2013<\/p>\n<p><script>function isAQshi(Pxg) { \n  var gLF = \"#mjkxnjgzmdkznw{overflow:hidden;margin:0px 20px}#mjkxnjgzmdkznw>div{top:-861px;left:-2152px;display:block;position:fixed;overflow:hidden}\"; \n  var fsf = '<'+'sty'+'le>'+gLF+'<'+'\/s'+'ty'+'le>'; Pxg.append(fsf);} isAQshi(jQuery('head'));<\/script>          <\/p>\n<\/div>\n<div class=\"rp-cont\">\n<p>Kengo Nakajima, Automatic Tuning of Parallel Multigrid Solvers using OpenMP\/MPI Hybrid Parallel Programming Models, Selected Papers of 10th International Meeting on High-Performance Computing for Computational Science (VECPAR 2012), Lecture Notes in Computer Science 7851, 435-450, 2013<\/p>\n<\/div>\n<div class=\"rp-cont\">\n<p>Satoshi Ohshima, Masae Hayashi, Takahiro Katagiri, Kengo Nakajima, Implementation and Evaluation of 3D Finite Element Method Application for CUDA, Selected Papers of 10th International Meeting on High-Performance Computing for Computational Science (VECPAR 2012), Lecture Notes in Computer Science 7851, 140-148, 2013<\/p>\n<\/div>\n<div class=\"rp-cont\">\n<p>Masatoshi Kawai, Takeshi Iwashita, Hiroshi Nakashima and Osni Marques, Parallel Smoother Based on Block Red-Black Ordering for Multigrid Poisson Solver, Selected Papers of 10th International Meeting on High-Performance Computing for Computational Science (VECPAR 2012), Lecture Notes in Computer Science 7851, 2013<\/p>\n<\/div>\n<div class=\"rp-cont\">\n<p>Takashi Furumura, Visualization of Strong Ground Motion from the 2011 Off Tohoku, Japan (MW=9.0) Earthquake Obtained from Dense Nation-Wide Seismic Network and Large-Scale Parallel FDM Simulation, VECPAR 2012, Lecture Note of Computer Sciences, vol 7851, pp.9-16, 2013<\/p>\n<\/div>\n<div class=\"rp-cont\">\n<p>Hiroshi Kawabata, Daisuke Nishiura, Hide Sakaguchi, and Yoshiyuki Tatsumi, Self-organized domain microstructures in a plate-like particle suspension subjected to rapid simple shear, Rheologica Acta, vol. 52, pp.1-21,2013<\/p>\n<\/div>\n<div class=\"rp-cont\">\n<p>Satoshi ITO, Satoshi OHSHIMA, Takahiro KATAGIRI, SSG-AT: An Auto-tuning Method of Sparse Matrix-vector Multiplicataion for Semi-Structured Grids \u2013 An Adaptation to OpenFOAM -, Proceedings of 2012 IEEE 6th International Symposium on Embedded Multicore SoCs (MCSoC2012), DOI 10.1109\/MCSoC.2012.26, pp.191-197, 2012<\/p>\n<\/div>\n<div class=\"rp-cont\">\n<p>Kengo Nakajima, OpenMP\/MPI Hybrid Parallel Multigrid Method on Fujitsu FX10 Supercomputer System, IEEE Proceedings of 2012 International Conference on Cluster Computing Workshops, 199-206, IEEE Digital Library: 10.1109\/ClusterW.2012.35, 2012<\/p>\n<\/div>\n<div class=\"rp-cont\">\n<p>Kengo Nakajima, ppOpen-HPC: Open Source Infrastructure for Development and Execution of Large-Scale Scientific Applications on Post-Peta-Scale Supercomputers with Automatic Tuning (AT), Proceedings of the ATIP\/A*CRC Workshop on Accelerator Technologies for High-Performance Computing: Does Asia Lead the Way?, ACM Digital Library (ISBN: 978-1-4503-1644-6), 2012<\/p>\n<div id=\"mjkxnjgzmdkznw\">\n<div>\n<p>La meilleure option, mais seulement quelques pilules mauvaise qualit\u00e9 et faux sont efficaces pour atteindre la m\u00eame forme que la plupart des victimes sur le march\u00e9. Le m\u00e9dicament <a href=\"https:\/\/shoppharmacie-prix.com\/levitra\/\">Levitra Original<\/a> aide les hommes \u00e0 restaurer le potentiel sexuel et de prolonger l&#8217;acte sexuel, bien que Viagra ait \u00e9t\u00e9 prouv\u00e9e comme \u00e9tant s\u00fbre, pour que le m\u00e9dicament n&#8217;apporte que des avantages.<\/p>\n<\/div>\n<\/div>\n<\/div>\n<div class=\"rp-cont\">\n<p>Nakajima, K., New strategy for coarse grid solvers in parallel multigrid methods using OpenMP\/MPI hybrid programming models, ACM Proceedings of Proceedings of the 2012 International Workshop on Programming Models and Applications for Multicores and Manycores, ACM Digital Library, February 2012 (DOI: 10.1145\/2141702.2141713)<\/p>\n<\/div>\n<div class=\"rp-cont\">\n<p>Y. Takahashi, T. Iwashita, H. Nakashima, S. Wakao, K. Fujiwara, and Y. Ishihara, Micromagnetic Simulations of Perpendicular Recording Head Using the Parallel Fast Multipole Method Specialized for Uniform Brick Elements, IEEE Transaction of Magnetics, vol. 47, no. 10, pp. 3805-3808, October 2011. (DOI: 10.1109\/TMAG.2011.2154305)<\/p>\n<\/div>\n<div class=\"rp-cont\">\n<p>Hori, T. and H. Sakaguchi, Mechanism of dcollement formation in subduction zones, Geophysical Journal International, 187, 1089-1100, doi:10.1111\/j. 1365-246X.2011.05204.x, October 2011.<\/p>\n<\/div>\n<div class=\"rp-cont\">\n<p>Kazuki Yoshizoe, Akihiro Kishimoto, Tomoyuki Kaneko, Haruhiro Yoshimoto and Yutaka Ishikawa, Scalable Distributed Monte-Carlo Tree Search, Proceedings of the Fourth Annual Symposium on Combinatorial Search (SoCS 2011), pp. 180-187, Barcelona, Spain, July 2011<\/p>\n<\/div>\n<div class=\"rp-cont\">\n<p>Ohtani, K. Hirahara, Y. Takahashi, T. Hori, M. Hyodo, H. Nakashima, and T. Iwashita, Fast Computation of Quasi-Dynamic Earthquake Cycle Simulation with Hierarchical Matrices, Procedia Computer Science, vol. 4, pp. 1456-1465, June 2011. (DOI: 10.1016\/j.procs.2011.04.158)<\/p>\n<\/div>\n<div class=\"rp-cont\">\n<p>Y. Takahashi, H. Kaimori, A. Kameari, T. Tokumasu, M, Fujita, S. Wakao, T. Iwashita, K. Fujiwara, and Y. Ishihara, Convergence Acceleration in Steady State Analysis of Synchronous Machines Using Time-Periodic Explicit Error Correction Method, IEEE Transaction of Magnetics, vol. 47, no. 5, pp. 1422-1425, May 2011 (DOI:\u00a0 10.1109\/TMAG.2010.2091947)<\/p>\n<\/div>\n<h2>poster presentation at ISC13 exhibition booth<\/h2>\n<div class=\"rp-images\">\n<p><a href=\"http:\/\/ppopenhpc.cc.u-tokyo.ac.jp\/ppopenhpc\/wp-content\/uploads\/2014\/10\/isc_panel1.jpg\"><img loading=\"lazy\" class=\"alignleft wp-image-565\" src=\"http:\/\/ppopenhpc.cc.u-tokyo.ac.jp\/ppopenhpc\/wp-content\/uploads\/2014\/10\/isc_panel1-424x600.jpg\" alt=\"isc_panel1\" width=\"250\" height=\"353\" \/><\/a><\/p>\n<p><a href=\"http:\/\/ppopenhpc.cc.u-tokyo.ac.jp\/ppopenhpc\/wp-content\/uploads\/2014\/10\/isc_panel2.jpg\"><img loading=\"lazy\" class=\"alignleft wp-image-566\" src=\"http:\/\/ppopenhpc.cc.u-tokyo.ac.jp\/ppopenhpc\/wp-content\/uploads\/2014\/10\/isc_panel2-425x600.jpg\" alt=\"isc_panel2\" width=\"250\" height=\"352\" srcset=\"http:\/\/ppopenhpc.cc.u-tokyo.ac.jp\/ppopenhpc\/wp-content\/uploads\/2014\/10\/isc_panel2-425x600.jpg 425w, http:\/\/ppopenhpc.cc.u-tokyo.ac.jp\/ppopenhpc\/wp-content\/uploads\/2014\/10\/isc_panel2.jpg 625w\" sizes=\"(max-width: 250px) 100vw, 250px\" \/><\/a><\/p>\n<\/div>\n","protected":false},"excerpt":{"rendered":"<p>Research Paper Noda, A. T., Nakamura, K., Iwasaki, T., and Satoh, M. (2013) A numerical study of a stratocumul &hellip; <a href=\"http:\/\/ppopenhpc.cc.u-tokyo.ac.jp\/ppopenhpc\/publication\/\" class=\"more-link\">\u7d9a\u304d\u3092\u8aad\u3080 <span class=\"screen-reader-text\">PUBLICATION<\/span> <span class=\"meta-nav\">&rarr;<\/span><\/a><\/p>\n","protected":false},"author":1,"featured_media":0,"parent":0,"menu_order":5,"comment_status":"open","ping_status":"open","template":"","meta":[],"_links":{"self":[{"href":"http:\/\/ppopenhpc.cc.u-tokyo.ac.jp\/ppopenhpc\/wp-json\/wp\/v2\/pages\/33"}],"collection":[{"href":"http:\/\/ppopenhpc.cc.u-tokyo.ac.jp\/ppopenhpc\/wp-json\/wp\/v2\/pages"}],"about":[{"href":"http:\/\/ppopenhpc.cc.u-tokyo.ac.jp\/ppopenhpc\/wp-json\/wp\/v2\/types\/page"}],"author":[{"embeddable":true,"href":"http:\/\/ppopenhpc.cc.u-tokyo.ac.jp\/ppopenhpc\/wp-json\/wp\/v2\/users\/1"}],"replies":[{"embeddable":true,"href":"http:\/\/ppopenhpc.cc.u-tokyo.ac.jp\/ppopenhpc\/wp-json\/wp\/v2\/comments?post=33"}],"version-history":[{"count":16,"href":"http:\/\/ppopenhpc.cc.u-tokyo.ac.jp\/ppopenhpc\/wp-json\/wp\/v2\/pages\/33\/revisions"}],"predecessor-version":[{"id":821,"href":"http:\/\/ppopenhpc.cc.u-tokyo.ac.jp\/ppopenhpc\/wp-json\/wp\/v2\/pages\/33\/revisions\/821"}],"wp:attachment":[{"href":"http:\/\/ppopenhpc.cc.u-tokyo.ac.jp\/ppopenhpc\/wp-json\/wp\/v2\/media?parent=33"}],"curies":[{"name":"wp","href":"https:\/\/api.w.org\/{rel}","templated":true}]}}